{"id":2781,"date":"2024-09-24T09:45:36","date_gmt":"2024-09-24T07:45:36","guid":{"rendered":"https:\/\/mariejuge-sculpteur.fr\/?page_id=2781"},"modified":"2024-09-24T09:59:24","modified_gmt":"2024-09-24T07:59:24","slug":"a-propos-de-mj","status":"publish","type":"page","link":"https:\/\/mariejuge-sculpteur.fr\/en\/a-propos-de-mj\/","title":{"rendered":"a propos de MJ"},"content":{"rendered":"<div data-elementor-type=\"wp-page\" data-elementor-id=\"2781\" class=\"elementor elementor-2781\">\n\t\t\t\t\t\t\t\t\t<section class=\"elementor-section elementor-top-section elementor-element elementor-element-181afd4c elementor-section-boxed elementor-section-height-default elementor-section-height-default\" data-id=\"181afd4c\" data-element_type=\"section\">\n\t\t\t\t\t\t<div class=\"elementor-container elementor-column-gap-default\">\n\t\t\t\t\t<div class=\"elementor-column elementor-col-100 elementor-top-column elementor-element elementor-element-12eb0720\" data-id=\"12eb0720\" data-element_type=\"column\">\n\t\t\t<div class=\"elementor-widget-wrap elementor-element-populated\">\n\t\t\t\t\t\t\t\t<div class=\"elementor-element elementor-element-86fdb76 elementor-widget elementor-widget-heading\" data-id=\"86fdb76\" data-element_type=\"widget\" data-widget_type=\"heading.default\">\n\t\t\t\t<div class=\"elementor-widget-container\">\n\t\t\t<style>\/*! elementor - v3.7.8 - 02-10-2022 *\/\n.elementor-heading-title{padding:0;margin:0;line-height:1}.elementor-widget-heading .elementor-heading-title[class*=elementor-size-]>a{color:inherit;font-size:inherit;line-height:inherit}.elementor-widget-heading .elementor-heading-title.elementor-size-small{font-size:15px}.elementor-widget-heading .elementor-heading-title.elementor-size-medium{font-size:19px}.elementor-widget-heading .elementor-heading-title.elementor-size-large{font-size:29px}.elementor-widget-heading .elementor-heading-title.elementor-size-xl{font-size:39px}.elementor-widget-heading .elementor-heading-title.elementor-size-xxl{font-size:59px}<\/style><h1 class=\"elementor-heading-title elementor-size-default\"><br>Marie Juge sculpteur raku depuis 2005 <br><\/h1>\t\t<\/div>\n\t\t\t\t<\/div>\n\t\t\t\t<div class=\"elementor-element elementor-element-b42c22f elementor-widget elementor-widget-heading\" data-id=\"b42c22f\" data-element_type=\"widget\" data-widget_type=\"heading.default\">\n\t\t\t\t<div class=\"elementor-widget-container\">\n\t\t\t<h2 class=\"elementor-heading-title elementor-size-default\">UN PARCOURs D'AUTODIDACTE DE sculpture raku<br><\/h2>\t\t<\/div>\n\t\t\t\t<\/div>\n\t\t\t\t<section class=\"elementor-section elementor-inner-section elementor-element elementor-element-7b0f951 elementor-section-boxed elementor-section-height-default elementor-section-height-default\" data-id=\"7b0f951\" data-element_type=\"section\">\n\t\t\t\t\t\t<div class=\"elementor-container elementor-column-gap-default\">\n\t\t\t\t\t<div class=\"elementor-column elementor-col-50 elementor-inner-column elementor-element elementor-element-cbc6ea5\" data-id=\"cbc6ea5\" data-element_type=\"column\">\n\t\t\t<div class=\"elementor-widget-wrap elementor-element-populated\">\n\t\t\t\t\t\t\t\t<div class=\"elementor-element elementor-element-ffd5d4d elementor-widget elementor-widget-heading\" data-id=\"ffd5d4d\" data-element_type=\"widget\" data-widget_type=\"heading.default\">\n\t\t\t\t<div class=\"elementor-widget-container\">\n\t\t\t<h2 class=\"elementor-heading-title elementor-size-default\">SCULPTURE CERAMIQUE RAKU<\/h2>\t\t<\/div>\n\t\t\t\t<\/div>\n\t\t\t\t\t<\/div>\n\t\t<\/div>\n\t\t\t\t<div class=\"elementor-column elementor-col-50 elementor-inner-column elementor-element elementor-element-1f98270\" data-id=\"1f98270\" data-element_type=\"column\">\n\t\t\t<div class=\"elementor-widget-wrap\">\n\t\t\t\t\t\t\t\t\t<\/div>\n\t\t<\/div>\n\t\t\t\t\t\t\t<\/div>\n\t\t<\/section>\n\t\t\t\t<section class=\"elementor-section elementor-inner-section elementor-element elementor-element-37e9096 elementor-section-boxed elementor-section-height-default elementor-section-height-default\" data-id=\"37e9096\" data-element_type=\"section\">\n\t\t\t\t\t\t<div class=\"elementor-container elementor-column-gap-default\">\n\t\t\t\t\t<div class=\"elementor-column elementor-col-50 elementor-inner-column elementor-element elementor-element-f2137e3\" data-id=\"f2137e3\" data-element_type=\"column\">\n\t\t\t<div class=\"elementor-widget-wrap elementor-element-populated\">\n\t\t\t\t\t\t\t\t<div class=\"elementor-element elementor-element-be18dac elementor-widget elementor-widget-text-editor\" data-id=\"be18dac\" data-element_type=\"widget\" data-widget_type=\"text-editor.default\">\n\t\t\t\t<div class=\"elementor-widget-container\">\n\t\t\t<style>\/*! elementor - v3.7.8 - 02-10-2022 *\/\n.elementor-widget-text-editor.elementor-drop-cap-view-stacked .elementor-drop-cap{background-color:#818a91;color:#fff}.elementor-widget-text-editor.elementor-drop-cap-view-framed .elementor-drop-cap{color:#818a91;border:3px solid;background-color:transparent}.elementor-widget-text-editor:not(.elementor-drop-cap-view-default) .elementor-drop-cap{margin-top:8px}.elementor-widget-text-editor:not(.elementor-drop-cap-view-default) .elementor-drop-cap-letter{width:1em;height:1em}.elementor-widget-text-editor .elementor-drop-cap{float:left;text-align:center;line-height:1;font-size:50px}.elementor-widget-text-editor .elementor-drop-cap-letter{display:inline-block}<\/style>\t\t\t\t<h2 style=\"color: #51494a;\">\u00a0<\/h2>\n<h2 class=\"has-text-color\" style=\"color: #51494a;\">L&rsquo;\u00a0<strong style=\"font-size: 19px;\">oeuvre<\/strong><span style=\"font-size: 19px;\"> est mod\u00e9lis\u00e9e par l&rsquo;artiste dans son atelier <\/span><strong style=\"font-size: 19px;\">parisien<\/strong><span style=\"font-size: 19px;\">. Marie apporte son soin et son attention \u00e0 chaque d\u00e9tail tout en gardant une vision globale du travail.<\/span><\/h2>\n<p><!-- \/wp:paragraph --><!-- wp:paragraph --><\/p>\n<p><strong>Raku et dentelle<\/strong><\/p>\n<p><!-- \/wp:paragraph --><!-- wp:paragraph --><\/p>\n<p>Signature de l&rsquo;oeuvre, l&rsquo;association du <strong>Raku<\/strong>, du feu et de la <strong>dentelle<\/strong> orne les sculptures avec sa <strong>texture<\/strong> particuli\u00e8re.<\/p>\n<p><strong>Fait sur-mesure<\/strong><\/p>\n<p><!-- \/wp:paragraph --><!-- wp:paragraph --><\/p>\n<p>Des <strong>\u0153uvres d&rsquo;art<\/strong> peuvent \u00eatre command\u00e9es pour l&rsquo;architecture dans une relation compl\u00e9mentaire forte.<\/p>\t\t\t\t\t\t<\/div>\n\t\t\t\t<\/div>\n\t\t\t\t\t<\/div>\n\t\t<\/div>\n\t\t\t\t<div class=\"elementor-column elementor-col-50 elementor-inner-column elementor-element elementor-element-51682b8\" data-id=\"51682b8\" data-element_type=\"column\">\n\t\t\t<div class=\"elementor-widget-wrap elementor-element-populated\">\n\t\t\t\t\t\t\t\t<div class=\"elementor-element elementor-element-e84b23f elementor-widget elementor-widget-image\" data-id=\"e84b23f\" data-element_type=\"widget\" data-widget_type=\"image.default\">\n\t\t\t\t<div class=\"elementor-widget-container\">\n\t\t\t<style>\/*! elementor - v3.7.8 - 02-10-2022 *\/\n.elementor-widget-image{text-align:center}.elementor-widget-image a{display:inline-block}.elementor-widget-image a img[src$=\".svg\"]{width:48px}.elementor-widget-image img{vertical-align:middle;display:inline-block}<\/style>\t\t\t\t\t\t\t\t\t\t\t\t<img loading=\"lazy\" decoding=\"async\" width=\"525\" height=\"500\" src=\"https:\/\/mariejuge-sculpteur.fr\/wp-content\/uploads\/2022\/10\/invit2022-copy-1024x976.jpg\" class=\"attachment-large size-large\" alt=\"\" srcset=\"https:\/\/mariejuge-sculpteur.fr\/wp-content\/uploads\/2022\/10\/invit2022-copy-1024x976.jpg 1024w, https:\/\/mariejuge-sculpteur.fr\/wp-content\/uploads\/2022\/10\/invit2022-copy-300x286.jpg 300w, https:\/\/mariejuge-sculpteur.fr\/wp-content\/uploads\/2022\/10\/invit2022-copy-768x732.jpg 768w\" sizes=\"auto, 100vw\" \/>\t\t\t\t\t\t\t\t\t\t\t\t\t\t\t<\/div>\n\t\t\t\t<\/div>\n\t\t\t\t\t<\/div>\n\t\t<\/div>\n\t\t\t\t\t\t\t<\/div>\n\t\t<\/section>\n\t\t\t\t<div class=\"elementor-element elementor-element-14c4973 elementor-widget elementor-widget-text-editor\" data-id=\"14c4973\" data-element_type=\"widget\" data-widget_type=\"text-editor.default\">\n\t\t\t\t<div class=\"elementor-widget-container\">\n\t\t\t\t\t\t\t\t\t\t\t\t\t<\/div>\n\t\t\t\t<\/div>\n\t\t\t\t\t<\/div>\n\t\t<\/div>\n\t\t\t\t\t\t\t<\/div>\n\t\t<\/section>\n\t\t\t\t<section class=\"elementor-section elementor-top-section elementor-element elementor-element-ef23983 elementor-section-boxed elementor-section-height-default elementor-section-height-default\" data-id=\"ef23983\" data-element_type=\"section\">\n\t\t\t\t\t\t<div class=\"elementor-container elementor-column-gap-default\">\n\t\t\t\t\t<div class=\"elementor-column elementor-col-100 elementor-top-column elementor-element elementor-element-1efa6a1\" data-id=\"1efa6a1\" data-element_type=\"column\">\n\t\t\t<div class=\"elementor-widget-wrap elementor-element-populated\">\n\t\t\t\t\t\t\t\t<div class=\"elementor-element elementor-element-29ad503 elementor-widget elementor-widget-heading\" data-id=\"29ad503\" data-element_type=\"widget\" data-widget_type=\"heading.default\">\n\t\t\t\t<div class=\"elementor-widget-container\">\n\t\t\t<h1 class=\"elementor-heading-title elementor-size-default\">trouvez votre mati\u00e9re<br><\/h1>\t\t<\/div>\n\t\t\t\t<\/div>\n\t\t\t\t\t<\/div>\n\t\t<\/div>\n\t\t\t\t\t\t\t<\/div>\n\t\t<\/section>\n\t\t\t\t<section class=\"elementor-section elementor-top-section elementor-element elementor-element-0a2267f elementor-section-boxed elementor-section-height-default elementor-section-height-default\" data-id=\"0a2267f\" data-element_type=\"section\">\n\t\t\t\t\t\t<div class=\"elementor-container elementor-column-gap-default\">\n\t\t\t\t\t<div class=\"elementor-column elementor-col-100 elementor-top-column elementor-element elementor-element-9688b35\" data-id=\"9688b35\" data-element_type=\"column\">\n\t\t\t<div class=\"elementor-widget-wrap elementor-element-populated\">\n\t\t\t\t\t\t\t\t<div class=\"elementor-element elementor-element-2604bbb elementor-widget elementor-widget-image\" data-id=\"2604bbb\" data-element_type=\"widget\" data-widget_type=\"image.default\">\n\t\t\t\t<div class=\"elementor-widget-container\">\n\t\t\t\t\t\t\t\t\t\t\t\t\t\t\t\t<a href=\"https:\/\/mariejuge-sculpteur.fr\/index.php\/sculpture-raku-craquele-matieres\/\">\n\t\t\t\t\t\t\t<img loading=\"lazy\" decoding=\"async\" width=\"525\" height=\"799\" src=\"https:\/\/mariejuge-sculpteur.fr\/wp-content\/uploads\/2020\/09\/marie_juge_raku_dentelle-673x1024.jpg\" class=\"attachment-large size-large\" alt=\"\" srcset=\"https:\/\/mariejuge-sculpteur.fr\/wp-content\/uploads\/2020\/09\/marie_juge_raku_dentelle-673x1024.jpg 673w, https:\/\/mariejuge-sculpteur.fr\/wp-content\/uploads\/2020\/09\/marie_juge_raku_dentelle-197x300.jpg 197w, https:\/\/mariejuge-sculpteur.fr\/wp-content\/uploads\/2020\/09\/marie_juge_raku_dentelle-768x1168.jpg 768w, https:\/\/mariejuge-sculpteur.fr\/wp-content\/uploads\/2020\/09\/marie_juge_raku_dentelle-1010x1536.jpg 1010w, https:\/\/mariejuge-sculpteur.fr\/wp-content\/uploads\/2020\/09\/marie_juge_raku_dentelle.jpg 1255w\" sizes=\"auto, 100vw\" \/>\t\t\t\t\t\t\t\t<\/a>\n\t\t\t\t\t\t\t\t\t\t\t\t\t\t\t<\/div>\n\t\t\t\t<\/div>\n\t\t\t\t<div class=\"elementor-element elementor-element-8cf0735 elementor-arrows-position-inside elementor-pagination-position-outside elementor-widget elementor-widget-image-carousel\" data-id=\"8cf0735\" data-element_type=\"widget\" data-settings=\"{&quot;slides_to_show&quot;:&quot;1&quot;,&quot;navigation&quot;:&quot;both&quot;,&quot;autoplay&quot;:&quot;yes&quot;,&quot;pause_on_hover&quot;:&quot;yes&quot;,&quot;pause_on_interaction&quot;:&quot;yes&quot;,&quot;autoplay_speed&quot;:5000,&quot;infinite&quot;:&quot;yes&quot;,&quot;effect&quot;:&quot;slide&quot;,&quot;speed&quot;:500}\" data-widget_type=\"image-carousel.default\">\n\t\t\t\t<div class=\"elementor-widget-container\">\n\t\t\t<style>\/*! elementor - v3.7.8 - 02-10-2022 *\/\n.elementor-widget-image-carousel .swiper-container{position:static}.elementor-widget-image-carousel .swiper-container .swiper-slide figure{line-height:inherit}.elementor-widget-image-carousel .swiper-slide{text-align:center}.elementor-image-carousel-wrapper:not(.swiper-container-initialized) .swiper-slide{max-width:calc(100% \/ var(--e-image-carousel-slides-to-show, 3))}<\/style>\t\t<div class=\"elementor-image-carousel-wrapper swiper-container\" dir=\"ltr\">\n\t\t\t<div class=\"elementor-image-carousel swiper-wrapper\">\n\t\t\t\t\t\t\t\t<div class=\"swiper-slide\"><figure class=\"swiper-slide-inner\"><img decoding=\"async\" class=\"swiper-slide-image\" src=\"https:\/\/mariejuge-sculpteur.fr\/wp-content\/uploads\/2022\/10\/sculpture-raku-craquele-matiere-matieres-7-677x1024.jpg\" alt=\"https:\/\/mariejuge-sculpteur.fr\/wp-content\/uploads\/2022\/10\/sculpture-raku-craquele-matiere-matieres-23.jpg\" \/><\/figure><\/div><div class=\"swiper-slide\"><figure class=\"swiper-slide-inner\"><img decoding=\"async\" class=\"swiper-slide-image\" src=\"https:\/\/mariejuge-sculpteur.fr\/wp-content\/uploads\/2022\/10\/sculpture-ceramique-raku-craquele-feu-raku-8-673x1024.jpg\" alt=\"sculpture raku craquele matiere matieres (7)\" \/><\/figure><\/div><div class=\"swiper-slide\"><figure class=\"swiper-slide-inner\"><img decoding=\"async\" class=\"swiper-slide-image\" src=\"https:\/\/mariejuge-sculpteur.fr\/wp-content\/uploads\/2022\/10\/feu-raku-sculpture-en-creation-craquele-37-876x1024.jpg\" alt=\"Amas de terre de gres non utilise a l&#039;issue d&#039;une session de travail.\" \/><\/figure><\/div><div class=\"swiper-slide\"><figure class=\"swiper-slide-inner\"><img decoding=\"async\" class=\"swiper-slide-image\" src=\"https:\/\/mariejuge-sculpteur.fr\/wp-content\/uploads\/2022\/10\/feu-raku-sculpture-en-creation-craquele-25.jpg\" alt=\"feu raku sculpture en creation craquel\u00e9 (25)\" \/><\/figure><\/div><div class=\"swiper-slide\"><figure class=\"swiper-slide-inner\"><img decoding=\"async\" class=\"swiper-slide-image\" src=\"https:\/\/mariejuge-sculpteur.fr\/wp-content\/uploads\/2022\/10\/feu-raku-sculpture-en-creation-craquele-12-1024x686.jpg\" alt=\"sculpture raku craquele atelier\" \/><\/figure><\/div><div class=\"swiper-slide\"><figure class=\"swiper-slide-inner\"><img decoding=\"async\" class=\"swiper-slide-image\" src=\"https:\/\/mariejuge-sculpteur.fr\/wp-content\/uploads\/2022\/10\/feu-raku-sculpture-en-creation-craquele-2-891x1024.jpg\" alt=\"feu raku sculpture en creation craquel\u00e9 (2)\" \/><\/figure><\/div>\t\t\t<\/div>\n\t\t\t\t\t\t\t\t\t\t\t\t<div class=\"swiper-pagination\"><\/div>\n\t\t\t\t\t\t\t\t\t\t\t\t\t<div class=\"elementor-swiper-button elementor-swiper-button-prev\">\n\t\t\t\t\t\t<i aria-hidden=\"true\" class=\"eicon-chevron-left\"><\/i>\t\t\t\t\t\t<span class=\"elementor-screen-only\">Previous<\/span>\n\t\t\t\t\t<\/div>\n\t\t\t\t\t<div class=\"elementor-swiper-button elementor-swiper-button-next\">\n\t\t\t\t\t\t<i aria-hidden=\"true\" class=\"eicon-chevron-right\"><\/i>\t\t\t\t\t\t<span class=\"elementor-screen-only\">Next<\/span>\n\t\t\t\t\t<\/div>\n\t\t\t\t\t\t\t\t\t<\/div>\n\t\t\t\t<\/div>\n\t\t\t\t<\/div>\n\t\t\t\t\t<\/div>\n\t\t<\/div>\n\t\t\t\t\t\t\t<\/div>\n\t\t<\/section>\n\t\t\t\t\t\t\t<\/div>","protected":false},"excerpt":{"rendered":"<p>Marie Juge sculpteur raku depuis 2005 UN PARCOURs D&rsquo;AUTODIDACTE DE sculpture raku SCULPTURE CERAMIQUE RAKU \u00a0 L&rsquo;\u00a0oeuvre est mod\u00e9lis\u00e9e par l&rsquo;artiste dans son atelier parisien. Marie apporte son soin et son attention \u00e0 chaque d\u00e9tail tout en gardant une vision globale du travail. Raku et dentelle Signature de l&rsquo;oeuvre, l&rsquo;association du Raku, du feu et &hellip; <\/p>\n<p class=\"link-more\"><a href=\"https:\/\/mariejuge-sculpteur.fr\/en\/a-propos-de-mj\/\" class=\"more-link\">Continue reading<span class=\"screen-reader-text\"> \u00ab\u00a0a propos de MJ\u00a0\u00bb<\/span><\/a><\/p>","protected":false},"author":1,"featured_media":0,"parent":0,"menu_order":0,"comment_status":"closed","ping_status":"closed","template":"elementor_header_footer","meta":{"_monsterinsights_skip_tracking":false,"_monsterinsights_sitenote_active":false,"_monsterinsights_sitenote_note":"","_monsterinsights_sitenote_category":0,"footnotes":""},"class_list":["post-2781","page","type-page","status-publish","hentry"],"yoast_head":"<!-- This site is optimized with the Yoast SEO plugin v24.9 - https:\/\/yoast.com\/wordpress\/plugins\/seo\/ -->\n<title>sculpture c\u00e9ramique raku craquel\u00e9<\/title>\n<meta name=\"description\" content=\"Je realise la sculpture ceramique raku avec un email craquel\u00e9 dans mon atelier et en province pour les cuissons au feu.\" \/>\n<meta name=\"robots\" content=\"index, follow, max-snippet:-1, max-image-preview:large, max-video-preview:-1\" \/>\n<link rel=\"canonical\" href=\"https:\/\/mariejuge-sculpteur.fr\/en\/a-propos-de-mj\/\" \/>\n<meta property=\"og:locale\" content=\"en_GB\" \/>\n<meta property=\"og:type\" content=\"article\" \/>\n<meta property=\"og:title\" content=\"sculpture c\u00e9ramique raku craquel\u00e9\" \/>\n<meta property=\"og:description\" content=\"Je realise la sculpture ceramique raku avec un email craquel\u00e9 dans mon atelier et en province pour les cuissons au feu.\" \/>\n<meta property=\"og:url\" content=\"https:\/\/mariejuge-sculpteur.fr\/en\/a-propos-de-mj\/\" \/>\n<meta property=\"og:site_name\" content=\"Marie Juge\" \/>\n<meta property=\"article:publisher\" content=\"https:\/\/www.facebook.com\/Marie.Juge.Sculpteur.Raku\/\" \/>\n<meta property=\"article:modified_time\" content=\"2024-09-24T07:59:24+00:00\" \/>\n<meta property=\"og:image\" content=\"https:\/\/mariejuge-sculpteur.fr\/wp-content\/uploads\/2022\/10\/invit2022-copy-1024x976.jpg\" \/>\n<meta name=\"twitter:card\" content=\"summary_large_image\" \/>\n<meta name=\"twitter:label1\" content=\"Estimated reading time\" \/>\n\t<meta name=\"twitter:data1\" content=\"3 minutes\" \/>\n<script type=\"application\/ld+json\" class=\"yoast-schema-graph\">{\"@context\":\"https:\/\/schema.org\",\"@graph\":[{\"@type\":\"WebPage\",\"@id\":\"https:\/\/mariejuge-sculpteur.fr\/a-propos-de-mj\/\",\"url\":\"https:\/\/mariejuge-sculpteur.fr\/a-propos-de-mj\/\",\"name\":\"sculpture c\u00e9ramique raku craquel\u00e9\",\"isPartOf\":{\"@id\":\"https:\/\/mariejuge-sculpteur.fr\/#website\"},\"primaryImageOfPage\":{\"@id\":\"https:\/\/mariejuge-sculpteur.fr\/a-propos-de-mj\/#primaryimage\"},\"image\":{\"@id\":\"https:\/\/mariejuge-sculpteur.fr\/a-propos-de-mj\/#primaryimage\"},\"thumbnailUrl\":\"https:\/\/mariejuge-sculpteur.fr\/wp-content\/uploads\/2022\/10\/invit2022-copy-1024x976.jpg\",\"datePublished\":\"2024-09-24T07:45:36+00:00\",\"dateModified\":\"2024-09-24T07:59:24+00:00\",\"description\":\"Je realise la sculpture ceramique raku avec un email craquel\u00e9 dans mon atelier et en province pour les cuissons au feu.\",\"breadcrumb\":{\"@id\":\"https:\/\/mariejuge-sculpteur.fr\/a-propos-de-mj\/#breadcrumb\"},\"inLanguage\":\"en-GB\",\"potentialAction\":[{\"@type\":\"ReadAction\",\"target\":[\"https:\/\/mariejuge-sculpteur.fr\/a-propos-de-mj\/\"]}]},{\"@type\":\"ImageObject\",\"inLanguage\":\"en-GB\",\"@id\":\"https:\/\/mariejuge-sculpteur.fr\/a-propos-de-mj\/#primaryimage\",\"url\":\"https:\/\/mariejuge-sculpteur.fr\/wp-content\/uploads\/2022\/10\/invit2022-copy-1024x976.jpg\",\"contentUrl\":\"https:\/\/mariejuge-sculpteur.fr\/wp-content\/uploads\/2022\/10\/invit2022-copy-1024x976.jpg\"},{\"@type\":\"BreadcrumbList\",\"@id\":\"https:\/\/mariejuge-sculpteur.fr\/a-propos-de-mj\/#breadcrumb\",\"itemListElement\":[{\"@type\":\"ListItem\",\"position\":1,\"name\":\"Accueil\",\"item\":\"https:\/\/mariejuge-sculpteur.fr\/\"},{\"@type\":\"ListItem\",\"position\":2,\"name\":\"a propos de MJ\"}]},{\"@type\":\"WebSite\",\"@id\":\"https:\/\/mariejuge-sculpteur.fr\/#website\",\"url\":\"https:\/\/mariejuge-sculpteur.fr\/\",\"name\":\"Marie Juge\",\"description\":\"Des silhouettes de mati\u00e8re raku\",\"potentialAction\":[{\"@type\":\"SearchAction\",\"target\":{\"@type\":\"EntryPoint\",\"urlTemplate\":\"https:\/\/mariejuge-sculpteur.fr\/?s={search_term_string}\"},\"query-input\":{\"@type\":\"PropertyValueSpecification\",\"valueRequired\":true,\"valueName\":\"search_term_string\"}}],\"inLanguage\":\"en-GB\"}]}<\/script>\n<!-- \/ Yoast SEO plugin. -->","yoast_head_json":{"title":"sculpture c\u00e9ramique raku craquel\u00e9","description":"Je realise la sculpture ceramique raku avec un email craquel\u00e9 dans mon atelier et en province pour les cuissons au feu.","robots":{"index":"index","follow":"follow","max-snippet":"max-snippet:-1","max-image-preview":"max-image-preview:large","max-video-preview":"max-video-preview:-1"},"canonical":"https:\/\/mariejuge-sculpteur.fr\/en\/a-propos-de-mj\/","og_locale":"en_GB","og_type":"article","og_title":"sculpture c\u00e9ramique raku craquel\u00e9","og_description":"Je realise la sculpture ceramique raku avec un email craquel\u00e9 dans mon atelier et en province pour les cuissons au feu.","og_url":"https:\/\/mariejuge-sculpteur.fr\/en\/a-propos-de-mj\/","og_site_name":"Marie Juge","article_publisher":"https:\/\/www.facebook.com\/Marie.Juge.Sculpteur.Raku\/","article_modified_time":"2024-09-24T07:59:24+00:00","og_image":[{"url":"https:\/\/mariejuge-sculpteur.fr\/wp-content\/uploads\/2022\/10\/invit2022-copy-1024x976.jpg","type":"","width":"","height":""}],"twitter_card":"summary_large_image","twitter_misc":{"Estimated reading time":"3 minutes"},"schema":{"@context":"https:\/\/schema.org","@graph":[{"@type":"WebPage","@id":"https:\/\/mariejuge-sculpteur.fr\/a-propos-de-mj\/","url":"https:\/\/mariejuge-sculpteur.fr\/a-propos-de-mj\/","name":"sculpture c\u00e9ramique raku craquel\u00e9","isPartOf":{"@id":"https:\/\/mariejuge-sculpteur.fr\/#website"},"primaryImageOfPage":{"@id":"https:\/\/mariejuge-sculpteur.fr\/a-propos-de-mj\/#primaryimage"},"image":{"@id":"https:\/\/mariejuge-sculpteur.fr\/a-propos-de-mj\/#primaryimage"},"thumbnailUrl":"https:\/\/mariejuge-sculpteur.fr\/wp-content\/uploads\/2022\/10\/invit2022-copy-1024x976.jpg","datePublished":"2024-09-24T07:45:36+00:00","dateModified":"2024-09-24T07:59:24+00:00","description":"Je realise la sculpture ceramique raku avec un email craquel\u00e9 dans mon atelier et en province pour les cuissons au feu.","breadcrumb":{"@id":"https:\/\/mariejuge-sculpteur.fr\/a-propos-de-mj\/#breadcrumb"},"inLanguage":"en-GB","potentialAction":[{"@type":"ReadAction","target":["https:\/\/mariejuge-sculpteur.fr\/a-propos-de-mj\/"]}]},{"@type":"ImageObject","inLanguage":"en-GB","@id":"https:\/\/mariejuge-sculpteur.fr\/a-propos-de-mj\/#primaryimage","url":"https:\/\/mariejuge-sculpteur.fr\/wp-content\/uploads\/2022\/10\/invit2022-copy-1024x976.jpg","contentUrl":"https:\/\/mariejuge-sculpteur.fr\/wp-content\/uploads\/2022\/10\/invit2022-copy-1024x976.jpg"},{"@type":"BreadcrumbList","@id":"https:\/\/mariejuge-sculpteur.fr\/a-propos-de-mj\/#breadcrumb","itemListElement":[{"@type":"ListItem","position":1,"name":"Accueil","item":"https:\/\/mariejuge-sculpteur.fr\/"},{"@type":"ListItem","position":2,"name":"a propos de MJ"}]},{"@type":"WebSite","@id":"https:\/\/mariejuge-sculpteur.fr\/#website","url":"https:\/\/mariejuge-sculpteur.fr\/","name":"Marie Juge","description":"Des silhouettes de mati\u00e8re raku","potentialAction":[{"@type":"SearchAction","target":{"@type":"EntryPoint","urlTemplate":"https:\/\/mariejuge-sculpteur.fr\/?s={search_term_string}"},"query-input":{"@type":"PropertyValueSpecification","valueRequired":true,"valueName":"search_term_string"}}],"inLanguage":"en-GB"}]}},"_links":{"self":[{"href":"https:\/\/mariejuge-sculpteur.fr\/en\/wp-json\/wp\/v2\/pages\/2781","targetHints":{"allow":["GET"]}}],"collection":[{"href":"https:\/\/mariejuge-sculpteur.fr\/en\/wp-json\/wp\/v2\/pages"}],"about":[{"href":"https:\/\/mariejuge-sculpteur.fr\/en\/wp-json\/wp\/v2\/types\/page"}],"author":[{"embeddable":true,"href":"https:\/\/mariejuge-sculpteur.fr\/en\/wp-json\/wp\/v2\/users\/1"}],"replies":[{"embeddable":true,"href":"https:\/\/mariejuge-sculpteur.fr\/en\/wp-json\/wp\/v2\/comments?post=2781"}],"version-history":[{"count":6,"href":"https:\/\/mariejuge-sculpteur.fr\/en\/wp-json\/wp\/v2\/pages\/2781\/revisions"}],"predecessor-version":[{"id":2794,"href":"https:\/\/mariejuge-sculpteur.fr\/en\/wp-json\/wp\/v2\/pages\/2781\/revisions\/2794"}],"wp:attachment":[{"href":"https:\/\/mariejuge-sculpteur.fr\/en\/wp-json\/wp\/v2\/media?parent=2781"}],"curies":[{"name":"wp","href":"https:\/\/api.w.org\/{rel}","templated":true}]}}