{"id":13,"date":"2020-03-12T21:09:56","date_gmt":"2020-03-12T20:09:56","guid":{"rendered":"http:\/\/mariejuge-sculpteur.fr\/?page_id=13"},"modified":"2022-11-10T17:36:29","modified_gmt":"2022-11-10T16:36:29","slug":"les-sculptures-raku","status":"publish","type":"page","link":"https:\/\/mariejuge-sculpteur.fr\/en\/les-sculptures-raku\/","title":{"rendered":"Contact"},"content":{"rendered":"<div data-elementor-type=\"wp-page\" data-elementor-id=\"13\" class=\"elementor elementor-13\">\n\t\t\t\t\t\t\t\t\t<section class=\"elementor-section elementor-top-section elementor-element elementor-element-1139c035 elementor-section-boxed elementor-section-height-default elementor-section-height-default\" data-id=\"1139c035\" data-element_type=\"section\">\n\t\t\t\t\t\t<div class=\"elementor-container elementor-column-gap-default\">\n\t\t\t\t\t<div class=\"elementor-column elementor-col-100 elementor-top-column elementor-element elementor-element-2bd56380\" data-id=\"2bd56380\" data-element_type=\"column\">\n\t\t\t<div class=\"elementor-widget-wrap elementor-element-populated\">\n\t\t\t\t\t\t\t\t<div class=\"elementor-element elementor-element-ceef1e7 elementor-widget elementor-widget-heading\" data-id=\"ceef1e7\" data-element_type=\"widget\" data-widget_type=\"heading.default\">\n\t\t\t\t<div class=\"elementor-widget-container\">\n\t\t\t<style>\/*! elementor - v3.7.8 - 02-10-2022 *\/\n.elementor-heading-title{padding:0;margin:0;line-height:1}.elementor-widget-heading .elementor-heading-title[class*=elementor-size-]>a{color:inherit;font-size:inherit;line-height:inherit}.elementor-widget-heading .elementor-heading-title.elementor-size-small{font-size:15px}.elementor-widget-heading .elementor-heading-title.elementor-size-medium{font-size:19px}.elementor-widget-heading .elementor-heading-title.elementor-size-large{font-size:29px}.elementor-widget-heading .elementor-heading-title.elementor-size-xl{font-size:39px}.elementor-widget-heading .elementor-heading-title.elementor-size-xxl{font-size:59px}<\/style><h1 class=\"elementor-heading-title elementor-size-default\">Contacter Marie Juge Raku<br>les sculptures raku<\/h1>\t\t<\/div>\n\t\t\t\t<\/div>\n\t\t\t\t<div class=\"elementor-element elementor-element-1900a61d elementor-widget elementor-widget-text-editor\" data-id=\"1900a61d\" data-element_type=\"widget\" data-widget_type=\"text-editor.default\">\n\t\t\t\t<div class=\"elementor-widget-container\">\n\t\t\t<style>\/*! elementor - v3.7.8 - 02-10-2022 *\/\n.elementor-widget-text-editor.elementor-drop-cap-view-stacked .elementor-drop-cap{background-color:#818a91;color:#fff}.elementor-widget-text-editor.elementor-drop-cap-view-framed .elementor-drop-cap{color:#818a91;border:3px solid;background-color:transparent}.elementor-widget-text-editor:not(.elementor-drop-cap-view-default) .elementor-drop-cap{margin-top:8px}.elementor-widget-text-editor:not(.elementor-drop-cap-view-default) .elementor-drop-cap-letter{width:1em;height:1em}.elementor-widget-text-editor .elementor-drop-cap{float:left;text-align:center;line-height:1;font-size:50px}.elementor-widget-text-editor .elementor-drop-cap-letter{display:inline-block}<\/style>\t\t\t\t<p><!-- wp:media-text {\"mediaId\":86,\"mediaType\":\"image\",\"mediaWidth\":35,\"imageFill\":true,\"className\":\"alignwide\"} --><\/p>\n<div class=\"wp-block-media-text alignwide is-stacked-on-mobile is-image-fill\" style=\"grid-template-columns: 35% auto;\">\n<figure class=\"wp-block-media-text__media\" style=\"background-image: url('http:\/\/mariejuge-sculpteur.fr\/wp-content\/uploads\/2020\/03\/10981818_901345176584808_4064050675275010720_n.jpg'); background-position: 50% 50%;\"><img loading=\"lazy\" decoding=\"async\" width=\"640\" height=\"960\" class=\"wp-image-86 size-full\" src=\"http:\/\/mariejuge-sculpteur.fr\/wp-content\/uploads\/2020\/03\/10981818_901345176584808_4064050675275010720_n.jpg\" alt=\"\" srcset=\"https:\/\/mariejuge-sculpteur.fr\/wp-content\/uploads\/2020\/03\/10981818_901345176584808_4064050675275010720_n.jpg 640w, https:\/\/mariejuge-sculpteur.fr\/wp-content\/uploads\/2020\/03\/10981818_901345176584808_4064050675275010720_n-200x300.jpg 200w\" sizes=\"auto, (max-width: 640px) 100vw, 640px\" \/><\/figure>\n<div class=\"wp-block-media-text__content\">\n<p><!-- wp:quote {\"className\":\"is-style-default\"} --><\/p>\n<blockquote class=\"wp-block-quote is-style-default\">\n<p><span style=\"font-size: 1.125rem; font-family: var( --e-global-typography-text-font-family ), Sans-serif; font-weight: var( --e-global-typography-text-font-weight );\">&nbsp;Contacter marie juge pour voir les sculptures raku via le formulaire ci joint.&nbsp;<\/span><\/p>\n<p>Je vous repondrais au plus vite.<\/p>\n<p><\/p>\n<p>Marie Juge a choisi la terre comme moyen d\u2019expression en raison des multiples possibilit\u00e9s techniques de ce mat\u00e9riau.&nbsp;<\/p>\n<p>La terre permet une grande vari\u00e9t\u00e9 de formes pouvant aller du simple bol aux&nbsp; sculptures raku de tr\u00e8s grande dimension.&nbsp;<\/p>\n<p>Cet \u00e9ventail de taille lui a vraiment plu.&nbsp;<\/p>\n<p>Elle a d\u00e9but\u00e9&nbsp; pour le plaisir avec quelques pi\u00e8ces utilitaires model\u00e9es mais a vite d\u00e9riv\u00e9 vers la des formes plus humaines.&nbsp;<\/p>\n<p><br><\/p><p>Marie JUGE, travaille le gr\u00e8s enfum\u00e9 fa\u00e7on RAKU.<\/p>\n<p>Son travail de sculpture, de 40 cm \u00e0 1m50, nous offre des silhouettes \u00e9lanc\u00e9es qui&nbsp; transcendent la lourdeur de la terre en cr\u00e9ant des formes \u00e9l\u00e9gantes se rapprochant des lignes habill\u00e9es de la haute couture.<\/p>\n<p>Ses sculptures en raku sortent du four \u00e0 1000\u00b0&nbsp;; elle les calcine ensuite gr\u00e2ce \u00e0 diff\u00e9rentes essences de bois ou feuilles afin de r\u00e9v\u00e9ler la terre et sa mati\u00e8re.<\/p>\n<p><\/p>\n<p>Des silhouettes feminies.<\/p>\n<\/blockquote>\n<p><!-- \/wp:quote --><!-- wp:paragraph {\"placeholder\":\"Contenu\u2026\",\"fontSize\":\"normal\"} --><\/p>\n<p class=\"has-normal-font-size\">\n<div class=\"wpcf7 no-js\" id=\"wpcf7-f41-o1\" lang=\"fr-FR\" dir=\"ltr\">\n<div class=\"screen-reader-response\"><p role=\"status\" aria-live=\"polite\" aria-atomic=\"true\"><\/p> <ul><\/ul><\/div>\n<form action=\"\/en\/wp-json\/wp\/v2\/pages\/13#wpcf7-f41-o1\" method=\"post\" class=\"wpcf7-form init\" aria-label=\"Formulaire de contact\" novalidate=\"novalidate\" data-status=\"init\" data-trp-original-action=\"\/en\/wp-json\/wp\/v2\/pages\/13#wpcf7-f41-o1\">\n<div style=\"display: none;\">\n<input type=\"hidden\" name=\"_wpcf7\" value=\"41\" \/>\n<input type=\"hidden\" name=\"_wpcf7_version\" value=\"5.7.7\" \/>\n<input type=\"hidden\" name=\"_wpcf7_locale\" value=\"fr_FR\" \/>\n<input type=\"hidden\" name=\"_wpcf7_unit_tag\" value=\"wpcf7-f41-o1\" \/>\n<input type=\"hidden\" name=\"_wpcf7_container_post\" value=\"0\" \/>\n<input type=\"hidden\" name=\"_wpcf7_posted_data_hash\" value=\"\" \/>\n<input type=\"hidden\" name=\"_wpcf7_recaptcha_response\" value=\"\" \/>\n<\/div>\n<p><label> Votre nom (obligatoire)<br \/>\n<span class=\"wpcf7-form-control-wrap\" data-name=\"your-name\"><input size=\"40\" class=\"wpcf7-form-control wpcf7-text wpcf7-validates-as-required\" aria-required=\"true\" aria-invalid=\"false\" value=\"\" type=\"text\" name=\"your-name\" \/><\/span> <\/label>\n<\/p>\n<p><label> Votre adresse de messagerie (obligatoire)<br \/>\n<span class=\"wpcf7-form-control-wrap\" data-name=\"your-email\"><input size=\"40\" class=\"wpcf7-form-control wpcf7-text wpcf7-email wpcf7-validates-as-required wpcf7-validates-as-email\" aria-required=\"true\" aria-invalid=\"false\" value=\"\" type=\"email\" name=\"your-email\" \/><\/span> <\/label>\n<\/p>\n<p><label> Objet<br \/>\n<span class=\"wpcf7-form-control-wrap\" data-name=\"your-subject\"><input size=\"40\" class=\"wpcf7-form-control wpcf7-text\" aria-invalid=\"false\" value=\"\" type=\"text\" name=\"your-subject\" \/><\/span> <\/label>\n<\/p>\n<p><label> Votre message<br \/>\n<span class=\"wpcf7-form-control-wrap\" data-name=\"your-message\"><textarea cols=\"40\" rows=\"10\" class=\"wpcf7-form-control wpcf7-textarea\" aria-invalid=\"false\" name=\"your-message\"><\/textarea><\/span> <\/label><br \/>\n<span class=\"wpcf7-form-control-wrap recaptcha\" data-name=\"recaptcha\"><span data-sitekey=\"6LeEesgZAAAAAHnUPt6WWl9CRVD8XU5c2GuUMvcn\" class=\"wpcf7-form-control g-recaptcha wpcf7-recaptcha\"><\/span>\r\n<noscript>\r\n\t<div class=\"grecaptcha-noscript\">\r\n\t\t<iframe loading=\"lazy\" src=\"https:\/\/www.google.com\/recaptcha\/api\/fallback?k=6LeEesgZAAAAAHnUPt6WWl9CRVD8XU5c2GuUMvcn\" frameborder=\"0\" scrolling=\"no\" width=\"310\" height=\"430\">\r\n\t\t<\/iframe>\r\n\t\t<textarea name=\"g-recaptcha-response\" rows=\"3\" cols=\"40\" placeholder=\"reCaptcha Response Here\">\r\n\t\t<\/textarea>\r\n\t<\/div>\r\n<\/noscript>\r\n<\/span><br \/>\n<input class=\"wpcf7-form-control has-spinner wpcf7-submit\" type=\"submit\" value=\"Envoyer\" \/>\n<\/p><p style=\"display: none !important;\"><label>&#916;<textarea name=\"_wpcf7_ak_hp_textarea\" cols=\"45\" rows=\"8\" maxlength=\"100\"><\/textarea><\/label><input type=\"hidden\" id=\"ak_js_1\" name=\"_wpcf7_ak_js\" value=\"202\"\/><script>document.getElementById( \"ak_js_1\" ).setAttribute( \"value\", ( new Date() ).getTime() );<\/script><\/p><div class=\"wpcf7-response-output\" aria-hidden=\"true\"><\/div>\n<input type=\"hidden\" name=\"trp-form-language\" value=\"en\"\/><\/form>\n<\/div>\n&nbsp;<\/p>\n<p><!-- \/wp:paragraph --><\/p>\n<\/div>\n<\/div>\n<p><!-- \/wp:media-text --><\/p>\t\t\t\t\t\t<\/div>\n\t\t\t\t<\/div>\n\t\t\t\t<div class=\"elementor-element elementor-element-d437ced elementor-widget elementor-widget-text-editor\" data-id=\"d437ced\" data-element_type=\"widget\" data-widget_type=\"text-editor.default\">\n\t\t\t\t<div class=\"elementor-widget-container\">\n\t\t\t\t\t\t\t<h2><span style=\"color: var( --e-global-color-text ); font-family: var( --e-global-typography-text-font-family ), Sans-serif; font-size: 1rem;\">Les sculptures raku de<\/span><strong style=\"color: var( --e-global-color-text ); font-family: var( --e-global-typography-text-font-family ), Sans-serif; font-size: 1rem;\">\u00a0<\/strong><span style=\"color: var( --e-global-color-text ); font-family: var( --e-global-typography-text-font-family ), Sans-serif; font-weight: var( --e-global-typography-text-font-weight ); font-size: 1rem;\"> Marie Juge s&rsquo;exposent r\u00e9guli\u00e8rement depuis 2005 . Plusieurs<\/span><strong style=\"color: var( --e-global-color-text ); font-family: var( --e-global-typography-text-font-family ), Sans-serif; font-size: 1rem;\"> galeries<\/strong><span style=\"color: var( --e-global-color-text ); font-family: var( --e-global-typography-text-font-family ), Sans-serif; font-weight: var( --e-global-typography-text-font-weight ); font-size: 1rem;\"> de la r\u00e9gion parisienne ont choisi de la garder comme artiste permanente.<\/span><\/h2>\n<p><!-- \/wp:list --><!-- wp:paragraph --><\/p>\n<p>Elle <strong>expose<\/strong> aussi r\u00e9guli\u00e8rement au Salon<strong> <a href=\"https:\/\/www.maison-objet.com\/fr\" target=\"_blank\" rel=\"noreferrer noopener\">Maison et Objets<\/a><\/strong> de Paris.<\/p>\n<p>Marie Juge nous propose un v\u00e9ritable th\u00e9\u00e2tre d\u2019improvisations o\u00f9 d\u00e9filent d\u2019\u00e9tranges silhouettes de mati\u00e8re. Des sculptures raku qui ainsi forment un defil\u00e9 haute couture.<\/p>\n<p>Artiste Autodidacte, elle s\u2019inspire de l\u2019univers textile fossilise dans sa pratique c\u00e9ramique. Guid\u00e9e par son intuition elle esquisse, \u00e0 travers de multiples petits formats la stature de ses silhouettes .elle \u00e9lance par la suite \u00e0 taille humaine.<\/p>\n<p>A travers diff\u00e9rentes s\u00e9ries Marie Juge nous propose un v\u00e9ritable th\u00e9\u00e2tre d\u2019improvisations o\u00f9 d\u00e9filent d\u2019\u00e9tranges silhouettes de mati\u00e8re.<\/p>\n<p>Artiste Autodidacte, elle s\u2019inspire de l\u2019univers textile fossilise dans sa pratique c\u00e9ramique.<\/p>\n<p>Guid\u00e9e par son intuition elle esquisse, \u00a0ses silhouettes, qu\u2019elle \u00e9lance par la suite \u00e0 taille humaine.<\/p>\n<p>A travers diff\u00e9rentes s\u00e9ries elle met en sc\u00e8ne un dialogue de mati\u00e8res o\u00f9 raisonne le contraste entre mat et brillant.<\/p>\n<p>L\u2019 authenticit\u00e9 de la terre \u00e0 nue et la cristallisation de l\u2019\u00e9mail. La pratique de l\u2019enfumage lui permet de jouer sur ces deux surfaces douces et rugueuses avec d\u00e9licatesse,. Elle fait na\u00eetre un r\u00e9seau de craquelures \u00e0 travers le verre, insufflant un souffle vital \u00e0 ses pi\u00e8ces. Et ainsi en offre des variations de noirs sur les parties laiss\u00e9es \u00e0 nue.<\/p>\t\t\t\t\t\t<\/div>\n\t\t\t\t<\/div>\n\t\t\t\t<section class=\"elementor-section elementor-inner-section elementor-element elementor-element-d34f0c2 elementor-section-boxed elementor-section-height-default elementor-section-height-default\" data-id=\"d34f0c2\" data-element_type=\"section\">\n\t\t\t\t\t\t<div class=\"elementor-container elementor-column-gap-default\">\n\t\t\t\t\t<div class=\"elementor-column elementor-col-50 elementor-inner-column elementor-element elementor-element-e972aee\" data-id=\"e972aee\" data-element_type=\"column\">\n\t\t\t<div class=\"elementor-widget-wrap elementor-element-populated\">\n\t\t\t\t\t\t\t\t<div class=\"elementor-element elementor-element-ebb3d0f elementor-align-center elementor-widget elementor-widget-button\" data-id=\"ebb3d0f\" data-element_type=\"widget\" data-widget_type=\"button.default\">\n\t\t\t\t<div class=\"elementor-widget-container\">\n\t\t\t\t\t<div class=\"elementor-button-wrapper\">\n\t\t\t<a href=\"https:\/\/mariejuge-sculpteur.fr\/en\/sculpture-raku-femme\/\" class=\"elementor-button-link elementor-button elementor-size-sm\" role=\"button\">\n\t\t\t\t\t\t<span class=\"elementor-button-content-wrapper\">\n\t\t\t\t\t\t<span class=\"elementor-button-text\">voir ses sculptures<\/span>\n\t\t<\/span>\n\t\t\t\t\t<\/a>\n\t\t<\/div>\n\t\t\t\t<\/div>\n\t\t\t\t<\/div>\n\t\t\t\t\t<\/div>\n\t\t<\/div>\n\t\t\t\t<div class=\"elementor-column elementor-col-50 elementor-inner-column elementor-element elementor-element-d0f32af\" data-id=\"d0f32af\" data-element_type=\"column\">\n\t\t\t<div class=\"elementor-widget-wrap\">\n\t\t\t\t\t\t\t\t\t<\/div>\n\t\t<\/div>\n\t\t\t\t\t\t\t<\/div>\n\t\t<\/section>\n\t\t\t\t\t<\/div>\n\t\t<\/div>\n\t\t\t\t\t\t\t<\/div>\n\t\t<\/section>\n\t\t\t\t\t\t\t<\/div>","protected":false},"excerpt":{"rendered":"<p>Contacter Marie Juge Rakules sculptures raku &nbsp;Contacter marie juge pour voir les sculptures raku via le formulaire ci joint.&nbsp; Je vous repondrais au plus vite. Marie Juge a choisi la terre comme moyen d\u2019expression en raison des multiples possibilit\u00e9s techniques de ce mat\u00e9riau.&nbsp; La terre permet une grande vari\u00e9t\u00e9 de formes pouvant aller du simple &hellip; <\/p>\n<p class=\"link-more\"><a href=\"https:\/\/mariejuge-sculpteur.fr\/en\/les-sculptures-raku\/\" class=\"more-link\">Continue reading<span class=\"screen-reader-text\"> \u00ab\u00a0Contact\u00a0\u00bb<\/span><\/a><\/p>","protected":false},"author":1,"featured_media":0,"parent":0,"menu_order":0,"comment_status":"closed","ping_status":"closed","template":"elementor_header_footer","meta":{"_monsterinsights_skip_tracking":false,"_monsterinsights_sitenote_active":false,"_monsterinsights_sitenote_note":"","_monsterinsights_sitenote_category":0,"footnotes":""},"class_list":["post-13","page","type-page","status-publish","hentry"],"yoast_head":"<!-- This site is optimized with the Yoast SEO plugin v24.9 - https:\/\/yoast.com\/wordpress\/plugins\/seo\/ -->\n<title>les sculptures raku<\/title>\n<meta name=\"description\" content=\"pour contacter et voir les sculptures raku de marie juge raku .je vous repondr=erais par fiche contact au plus vite pour mes sculptures raku\" \/>\n<meta name=\"robots\" content=\"index, follow, max-snippet:-1, max-image-preview:large, max-video-preview:-1\" \/>\n<link rel=\"canonical\" href=\"https:\/\/mariejuge-sculpteur.fr\/en\/les-sculptures-raku\/\" \/>\n<meta property=\"og:locale\" content=\"en_GB\" \/>\n<meta property=\"og:type\" content=\"article\" \/>\n<meta property=\"og:title\" content=\"les sculptures raku\" \/>\n<meta property=\"og:description\" content=\"pour contacter et voir les sculptures raku de marie juge raku .je vous repondr=erais par fiche contact au plus vite pour mes sculptures raku\" \/>\n<meta property=\"og:url\" content=\"https:\/\/mariejuge-sculpteur.fr\/en\/les-sculptures-raku\/\" \/>\n<meta property=\"og:site_name\" content=\"Marie Juge\" \/>\n<meta property=\"article:publisher\" content=\"https:\/\/www.facebook.com\/Marie.Juge.Sculpteur.Raku\/\" \/>\n<meta property=\"article:modified_time\" content=\"2022-11-10T16:36:29+00:00\" \/>\n<meta property=\"og:image\" content=\"http:\/\/mariejuge-sculpteur.fr\/wp-content\/uploads\/2020\/03\/10981818_901345176584808_4064050675275010720_n.jpg\" \/>\n<meta name=\"twitter:card\" content=\"summary_large_image\" \/>\n<meta name=\"twitter:label1\" content=\"Estimated reading time\" \/>\n\t<meta name=\"twitter:data1\" content=\"3 minutes\" \/>\n<script type=\"application\/ld+json\" class=\"yoast-schema-graph\">{\"@context\":\"https:\/\/schema.org\",\"@graph\":[{\"@type\":\"WebPage\",\"@id\":\"https:\/\/mariejuge-sculpteur.fr\/les-sculptures-raku\/\",\"url\":\"https:\/\/mariejuge-sculpteur.fr\/les-sculptures-raku\/\",\"name\":\"les sculptures raku\",\"isPartOf\":{\"@id\":\"https:\/\/mariejuge-sculpteur.fr\/#website\"},\"primaryImageOfPage\":{\"@id\":\"https:\/\/mariejuge-sculpteur.fr\/les-sculptures-raku\/#primaryimage\"},\"image\":{\"@id\":\"https:\/\/mariejuge-sculpteur.fr\/les-sculptures-raku\/#primaryimage\"},\"thumbnailUrl\":\"http:\/\/mariejuge-sculpteur.fr\/wp-content\/uploads\/2020\/03\/10981818_901345176584808_4064050675275010720_n.jpg\",\"datePublished\":\"2020-03-12T20:09:56+00:00\",\"dateModified\":\"2022-11-10T16:36:29+00:00\",\"description\":\"pour contacter et voir les sculptures raku de marie juge raku .je vous repondr=erais par fiche contact au plus vite pour mes sculptures raku\",\"breadcrumb\":{\"@id\":\"https:\/\/mariejuge-sculpteur.fr\/les-sculptures-raku\/#breadcrumb\"},\"inLanguage\":\"en-GB\",\"potentialAction\":[{\"@type\":\"ReadAction\",\"target\":[\"https:\/\/mariejuge-sculpteur.fr\/les-sculptures-raku\/\"]}]},{\"@type\":\"ImageObject\",\"inLanguage\":\"en-GB\",\"@id\":\"https:\/\/mariejuge-sculpteur.fr\/les-sculptures-raku\/#primaryimage\",\"url\":\"http:\/\/mariejuge-sculpteur.fr\/wp-content\/uploads\/2020\/03\/10981818_901345176584808_4064050675275010720_n.jpg\",\"contentUrl\":\"http:\/\/mariejuge-sculpteur.fr\/wp-content\/uploads\/2020\/03\/10981818_901345176584808_4064050675275010720_n.jpg\"},{\"@type\":\"BreadcrumbList\",\"@id\":\"https:\/\/mariejuge-sculpteur.fr\/les-sculptures-raku\/#breadcrumb\",\"itemListElement\":[{\"@type\":\"ListItem\",\"position\":1,\"name\":\"Accueil\",\"item\":\"https:\/\/mariejuge-sculpteur.fr\/\"},{\"@type\":\"ListItem\",\"position\":2,\"name\":\"Contact\"}]},{\"@type\":\"WebSite\",\"@id\":\"https:\/\/mariejuge-sculpteur.fr\/#website\",\"url\":\"https:\/\/mariejuge-sculpteur.fr\/\",\"name\":\"Marie Juge\",\"description\":\"Des silhouettes de mati\u00e8re raku\",\"potentialAction\":[{\"@type\":\"SearchAction\",\"target\":{\"@type\":\"EntryPoint\",\"urlTemplate\":\"https:\/\/mariejuge-sculpteur.fr\/?s={search_term_string}\"},\"query-input\":{\"@type\":\"PropertyValueSpecification\",\"valueRequired\":true,\"valueName\":\"search_term_string\"}}],\"inLanguage\":\"en-GB\"}]}<\/script>\n<!-- \/ Yoast SEO plugin. -->","yoast_head_json":{"title":"les sculptures raku","description":"pour contacter et voir les sculptures raku de marie juge raku .je vous repondr=erais par fiche contact au plus vite pour mes sculptures raku","robots":{"index":"index","follow":"follow","max-snippet":"max-snippet:-1","max-image-preview":"max-image-preview:large","max-video-preview":"max-video-preview:-1"},"canonical":"https:\/\/mariejuge-sculpteur.fr\/en\/les-sculptures-raku\/","og_locale":"en_GB","og_type":"article","og_title":"les sculptures raku","og_description":"pour contacter et voir les sculptures raku de marie juge raku .je vous repondr=erais par fiche contact au plus vite pour mes sculptures raku","og_url":"https:\/\/mariejuge-sculpteur.fr\/en\/les-sculptures-raku\/","og_site_name":"Marie Juge","article_publisher":"https:\/\/www.facebook.com\/Marie.Juge.Sculpteur.Raku\/","article_modified_time":"2022-11-10T16:36:29+00:00","og_image":[{"url":"http:\/\/mariejuge-sculpteur.fr\/wp-content\/uploads\/2020\/03\/10981818_901345176584808_4064050675275010720_n.jpg","type":"","width":"","height":""}],"twitter_card":"summary_large_image","twitter_misc":{"Estimated reading time":"3 minutes"},"schema":{"@context":"https:\/\/schema.org","@graph":[{"@type":"WebPage","@id":"https:\/\/mariejuge-sculpteur.fr\/les-sculptures-raku\/","url":"https:\/\/mariejuge-sculpteur.fr\/les-sculptures-raku\/","name":"les sculptures raku","isPartOf":{"@id":"https:\/\/mariejuge-sculpteur.fr\/#website"},"primaryImageOfPage":{"@id":"https:\/\/mariejuge-sculpteur.fr\/les-sculptures-raku\/#primaryimage"},"image":{"@id":"https:\/\/mariejuge-sculpteur.fr\/les-sculptures-raku\/#primaryimage"},"thumbnailUrl":"http:\/\/mariejuge-sculpteur.fr\/wp-content\/uploads\/2020\/03\/10981818_901345176584808_4064050675275010720_n.jpg","datePublished":"2020-03-12T20:09:56+00:00","dateModified":"2022-11-10T16:36:29+00:00","description":"pour contacter et voir les sculptures raku de marie juge raku .je vous repondr=erais par fiche contact au plus vite pour mes sculptures raku","breadcrumb":{"@id":"https:\/\/mariejuge-sculpteur.fr\/les-sculptures-raku\/#breadcrumb"},"inLanguage":"en-GB","potentialAction":[{"@type":"ReadAction","target":["https:\/\/mariejuge-sculpteur.fr\/les-sculptures-raku\/"]}]},{"@type":"ImageObject","inLanguage":"en-GB","@id":"https:\/\/mariejuge-sculpteur.fr\/les-sculptures-raku\/#primaryimage","url":"http:\/\/mariejuge-sculpteur.fr\/wp-content\/uploads\/2020\/03\/10981818_901345176584808_4064050675275010720_n.jpg","contentUrl":"http:\/\/mariejuge-sculpteur.fr\/wp-content\/uploads\/2020\/03\/10981818_901345176584808_4064050675275010720_n.jpg"},{"@type":"BreadcrumbList","@id":"https:\/\/mariejuge-sculpteur.fr\/les-sculptures-raku\/#breadcrumb","itemListElement":[{"@type":"ListItem","position":1,"name":"Accueil","item":"https:\/\/mariejuge-sculpteur.fr\/"},{"@type":"ListItem","position":2,"name":"Contact"}]},{"@type":"WebSite","@id":"https:\/\/mariejuge-sculpteur.fr\/#website","url":"https:\/\/mariejuge-sculpteur.fr\/","name":"Marie Juge","description":"Des silhouettes de mati\u00e8re raku","potentialAction":[{"@type":"SearchAction","target":{"@type":"EntryPoint","urlTemplate":"https:\/\/mariejuge-sculpteur.fr\/?s={search_term_string}"},"query-input":{"@type":"PropertyValueSpecification","valueRequired":true,"valueName":"search_term_string"}}],"inLanguage":"en-GB"}]}},"_links":{"self":[{"href":"https:\/\/mariejuge-sculpteur.fr\/en\/wp-json\/wp\/v2\/pages\/13","targetHints":{"allow":["GET"]}}],"collection":[{"href":"https:\/\/mariejuge-sculpteur.fr\/en\/wp-json\/wp\/v2\/pages"}],"about":[{"href":"https:\/\/mariejuge-sculpteur.fr\/en\/wp-json\/wp\/v2\/types\/page"}],"author":[{"embeddable":true,"href":"https:\/\/mariejuge-sculpteur.fr\/en\/wp-json\/wp\/v2\/users\/1"}],"replies":[{"embeddable":true,"href":"https:\/\/mariejuge-sculpteur.fr\/en\/wp-json\/wp\/v2\/comments?post=13"}],"version-history":[{"count":42,"href":"https:\/\/mariejuge-sculpteur.fr\/en\/wp-json\/wp\/v2\/pages\/13\/revisions"}],"predecessor-version":[{"id":2624,"href":"https:\/\/mariejuge-sculpteur.fr\/en\/wp-json\/wp\/v2\/pages\/13\/revisions\/2624"}],"wp:attachment":[{"href":"https:\/\/mariejuge-sculpteur.fr\/en\/wp-json\/wp\/v2\/media?parent=13"}],"curies":[{"name":"wp","href":"https:\/\/api.w.org\/{rel}","templated":true}]}}