{"id":1203,"date":"2022-10-01T14:53:47","date_gmt":"2022-10-01T12:53:47","guid":{"rendered":"https:\/\/mariejuge-sculpteur.fr\/?page_id=1203"},"modified":"2024-09-24T16:14:14","modified_gmt":"2024-09-24T14:14:14","slug":"lor-kintsgugi","status":"publish","type":"page","link":"https:\/\/mariejuge-sculpteur.fr\/en\/lor-kintsgugi\/","title":{"rendered":"l&rsquo;or kintsgugi"},"content":{"rendered":"<div data-elementor-type=\"wp-page\" data-elementor-id=\"1203\" class=\"elementor elementor-1203\">\n\t\t\t\t\t\t\t\t\t<section class=\"elementor-section elementor-top-section elementor-element elementor-element-52e5761 elementor-section-boxed elementor-section-height-default elementor-section-height-default\" data-id=\"52e5761\" data-element_type=\"section\">\n\t\t\t\t\t\t<div class=\"elementor-container elementor-column-gap-default\">\n\t\t\t\t\t<div class=\"elementor-column elementor-col-100 elementor-top-column elementor-element elementor-element-f84d669\" data-id=\"f84d669\" data-element_type=\"column\">\n\t\t\t<div class=\"elementor-widget-wrap elementor-element-populated\">\n\t\t\t\t\t\t\t\t<div class=\"elementor-element elementor-element-3606f67 elementor-widget elementor-widget-heading\" data-id=\"3606f67\" data-element_type=\"widget\" data-widget_type=\"heading.default\">\n\t\t\t\t<div class=\"elementor-widget-container\">\n\t\t\t<style>\/*! elementor - v3.7.8 - 02-10-2022 *\/\n.elementor-heading-title{padding:0;margin:0;line-height:1}.elementor-widget-heading .elementor-heading-title[class*=elementor-size-]>a{color:inherit;font-size:inherit;line-height:inherit}.elementor-widget-heading .elementor-heading-title.elementor-size-small{font-size:15px}.elementor-widget-heading .elementor-heading-title.elementor-size-medium{font-size:19px}.elementor-widget-heading .elementor-heading-title.elementor-size-large{font-size:29px}.elementor-widget-heading .elementor-heading-title.elementor-size-xl{font-size:39px}.elementor-widget-heading .elementor-heading-title.elementor-size-xxl{font-size:59px}<\/style><h1 class=\"elementor-heading-title elementor-size-default\"><br><br>De l'or sur le Raku<\/h1>\t\t<\/div>\n\t\t\t\t<\/div>\n\t\t\t\t<div class=\"elementor-element elementor-element-172560d elementor-widget elementor-widget-heading\" data-id=\"172560d\" data-element_type=\"widget\" data-widget_type=\"heading.default\">\n\t\t\t\t<div class=\"elementor-widget-container\">\n\t\t\t<h2 class=\"elementor-heading-title elementor-size-default\">sculpture raku kintshugi<br><\/h2>\t\t<\/div>\n\t\t\t\t<\/div>\n\t\t\t\t<section class=\"elementor-section elementor-inner-section elementor-element elementor-element-6c98dc0 elementor-section-boxed elementor-section-height-default elementor-section-height-default\" data-id=\"6c98dc0\" data-element_type=\"section\">\n\t\t\t\t\t\t<div class=\"elementor-container elementor-column-gap-default\">\n\t\t\t\t\t<div class=\"elementor-column elementor-col-33 elementor-inner-column elementor-element elementor-element-edda131\" data-id=\"edda131\" data-element_type=\"column\">\n\t\t\t<div class=\"elementor-widget-wrap elementor-element-populated\">\n\t\t\t\t\t\t\t\t<div class=\"elementor-element elementor-element-d6a7e85 elementor-widget elementor-widget-image\" data-id=\"d6a7e85\" data-element_type=\"widget\" data-widget_type=\"image.default\">\n\t\t\t\t<div class=\"elementor-widget-container\">\n\t\t\t<style>\/*! elementor - v3.7.8 - 02-10-2022 *\/\n.elementor-widget-image{text-align:center}.elementor-widget-image a{display:inline-block}.elementor-widget-image a img[src$=\".svg\"]{width:48px}.elementor-widget-image img{vertical-align:middle;display:inline-block}<\/style>\t\t\t\t\t\t\t\t\t\t\t\t<img loading=\"lazy\" decoding=\"async\" width=\"525\" height=\"525\" src=\"https:\/\/mariejuge-sculpteur.fr\/wp-content\/uploads\/2024\/09\/raku-kintshugi-marie-juge-8-1024x1024.jpg\" class=\"attachment-large size-large\" alt=\"\" srcset=\"https:\/\/mariejuge-sculpteur.fr\/wp-content\/uploads\/2024\/09\/raku-kintshugi-marie-juge-8-1024x1024.jpg 1024w, https:\/\/mariejuge-sculpteur.fr\/wp-content\/uploads\/2024\/09\/raku-kintshugi-marie-juge-8-300x300.jpg 300w, https:\/\/mariejuge-sculpteur.fr\/wp-content\/uploads\/2024\/09\/raku-kintshugi-marie-juge-8-150x150.jpg 150w, https:\/\/mariejuge-sculpteur.fr\/wp-content\/uploads\/2024\/09\/raku-kintshugi-marie-juge-8-768x768.jpg 768w, https:\/\/mariejuge-sculpteur.fr\/wp-content\/uploads\/2024\/09\/raku-kintshugi-marie-juge-8-12x12.jpg 12w, https:\/\/mariejuge-sculpteur.fr\/wp-content\/uploads\/2024\/09\/raku-kintshugi-marie-juge-8-100x100.jpg 100w, https:\/\/mariejuge-sculpteur.fr\/wp-content\/uploads\/2024\/09\/raku-kintshugi-marie-juge-8.jpg 1080w\" sizes=\"auto, 100vw\" \/>\t\t\t\t\t\t\t\t\t\t\t\t\t\t\t<\/div>\n\t\t\t\t<\/div>\n\t\t\t\t\t<\/div>\n\t\t<\/div>\n\t\t\t\t<div class=\"elementor-column elementor-col-33 elementor-inner-column elementor-element elementor-element-3a90a8d\" data-id=\"3a90a8d\" data-element_type=\"column\">\n\t\t\t<div class=\"elementor-widget-wrap elementor-element-populated\">\n\t\t\t\t\t\t\t\t<div class=\"elementor-element elementor-element-11f8283 elementor-widget elementor-widget-image\" data-id=\"11f8283\" data-element_type=\"widget\" data-widget_type=\"image.default\">\n\t\t\t\t<div class=\"elementor-widget-container\">\n\t\t\t\t\t\t\t\t\t\t\t\t\t\t\t<img loading=\"lazy\" decoding=\"async\" width=\"525\" height=\"525\" src=\"https:\/\/mariejuge-sculpteur.fr\/wp-content\/uploads\/2024\/09\/raku-kintshugi-marie-juge-7-1024x1024.jpg\" class=\"attachment-large size-large\" alt=\"\" srcset=\"https:\/\/mariejuge-sculpteur.fr\/wp-content\/uploads\/2024\/09\/raku-kintshugi-marie-juge-7-1024x1024.jpg 1024w, https:\/\/mariejuge-sculpteur.fr\/wp-content\/uploads\/2024\/09\/raku-kintshugi-marie-juge-7-300x300.jpg 300w, https:\/\/mariejuge-sculpteur.fr\/wp-content\/uploads\/2024\/09\/raku-kintshugi-marie-juge-7-150x150.jpg 150w, https:\/\/mariejuge-sculpteur.fr\/wp-content\/uploads\/2024\/09\/raku-kintshugi-marie-juge-7-768x768.jpg 768w, https:\/\/mariejuge-sculpteur.fr\/wp-content\/uploads\/2024\/09\/raku-kintshugi-marie-juge-7-12x12.jpg 12w, https:\/\/mariejuge-sculpteur.fr\/wp-content\/uploads\/2024\/09\/raku-kintshugi-marie-juge-7-100x100.jpg 100w, https:\/\/mariejuge-sculpteur.fr\/wp-content\/uploads\/2024\/09\/raku-kintshugi-marie-juge-7.jpg 1080w\" sizes=\"auto, 100vw\" \/>\t\t\t\t\t\t\t\t\t\t\t\t\t\t\t<\/div>\n\t\t\t\t<\/div>\n\t\t\t\t<div class=\"elementor-element elementor-element-3ab53c0 elementor-widget elementor-widget-text-editor\" data-id=\"3ab53c0\" data-element_type=\"widget\" data-widget_type=\"text-editor.default\">\n\t\t\t\t<div class=\"elementor-widget-container\">\n\t\t\t<style>\/*! elementor - v3.7.8 - 02-10-2022 *\/\n.elementor-widget-text-editor.elementor-drop-cap-view-stacked .elementor-drop-cap{background-color:#818a91;color:#fff}.elementor-widget-text-editor.elementor-drop-cap-view-framed .elementor-drop-cap{color:#818a91;border:3px solid;background-color:transparent}.elementor-widget-text-editor:not(.elementor-drop-cap-view-default) .elementor-drop-cap{margin-top:8px}.elementor-widget-text-editor:not(.elementor-drop-cap-view-default) .elementor-drop-cap-letter{width:1em;height:1em}.elementor-widget-text-editor .elementor-drop-cap{float:left;text-align:center;line-height:1;font-size:50px}.elementor-widget-text-editor .elementor-drop-cap-letter{display:inline-block}<\/style>\t\t\t\t<p>L&rsquo;art du kintshugi<\/p>\n<p><\/p>\t\t\t\t\t\t<\/div>\n\t\t\t\t<\/div>\n\t\t\t\t\t<\/div>\n\t\t<\/div>\n\t\t\t\t<div class=\"elementor-column elementor-col-33 elementor-inner-column elementor-element elementor-element-614ceda\" data-id=\"614ceda\" data-element_type=\"column\">\n\t\t\t<div class=\"elementor-widget-wrap elementor-element-populated\">\n\t\t\t\t\t\t\t\t<div class=\"elementor-element elementor-element-a74ff0b elementor-widget elementor-widget-image\" data-id=\"a74ff0b\" data-element_type=\"widget\" data-widget_type=\"image.default\">\n\t\t\t\t<div class=\"elementor-widget-container\">\n\t\t\t\t\t\t\t\t\t\t\t\t\t\t\t<img loading=\"lazy\" decoding=\"async\" width=\"525\" height=\"525\" src=\"https:\/\/mariejuge-sculpteur.fr\/wp-content\/uploads\/2024\/09\/raku-kintshugi-marie-juge-6-1024x1024.jpg\" class=\"attachment-large size-large\" alt=\"\" srcset=\"https:\/\/mariejuge-sculpteur.fr\/wp-content\/uploads\/2024\/09\/raku-kintshugi-marie-juge-6-1024x1024.jpg 1024w, https:\/\/mariejuge-sculpteur.fr\/wp-content\/uploads\/2024\/09\/raku-kintshugi-marie-juge-6-300x300.jpg 300w, https:\/\/mariejuge-sculpteur.fr\/wp-content\/uploads\/2024\/09\/raku-kintshugi-marie-juge-6-150x150.jpg 150w, https:\/\/mariejuge-sculpteur.fr\/wp-content\/uploads\/2024\/09\/raku-kintshugi-marie-juge-6-768x768.jpg 768w, https:\/\/mariejuge-sculpteur.fr\/wp-content\/uploads\/2024\/09\/raku-kintshugi-marie-juge-6-12x12.jpg 12w, https:\/\/mariejuge-sculpteur.fr\/wp-content\/uploads\/2024\/09\/raku-kintshugi-marie-juge-6-100x100.jpg 100w, https:\/\/mariejuge-sculpteur.fr\/wp-content\/uploads\/2024\/09\/raku-kintshugi-marie-juge-6.jpg 1080w\" sizes=\"auto, 100vw\" \/>\t\t\t\t\t\t\t\t\t\t\t\t\t\t\t<\/div>\n\t\t\t\t<\/div>\n\t\t\t\t\t<\/div>\n\t\t<\/div>\n\t\t\t\t\t\t\t<\/div>\n\t\t<\/section>\n\t\t\t\t<div class=\"elementor-element elementor-element-76cda20 elementor-widget elementor-widget-heading\" data-id=\"76cda20\" data-element_type=\"widget\" data-widget_type=\"heading.default\">\n\t\t\t\t<div class=\"elementor-widget-container\">\n\t\t\t<h2 class=\"elementor-heading-title elementor-size-default\"><br><br>une suite  d'\u00e9tapes pour reparer l'\u00e2me raku<br><\/h2>\t\t<\/div>\n\t\t\t\t<\/div>\n\t\t\t\t\t<\/div>\n\t\t<\/div>\n\t\t\t\t\t\t\t<\/div>\n\t\t<\/section>\n\t\t\t\t<section class=\"elementor-section elementor-top-section elementor-element elementor-element-b6d8dbd elementor-section-boxed elementor-section-height-default elementor-section-height-default\" data-id=\"b6d8dbd\" data-element_type=\"section\">\n\t\t\t\t\t\t<div class=\"elementor-container elementor-column-gap-default\">\n\t\t\t\t\t<div class=\"elementor-column elementor-col-100 elementor-top-column elementor-element elementor-element-4aaf38f\" data-id=\"4aaf38f\" data-element_type=\"column\">\n\t\t\t<div class=\"elementor-widget-wrap elementor-element-populated\">\n\t\t\t\t\t\t\t\t<div class=\"elementor-element elementor-element-1cac748 elementor-widget elementor-widget-text-editor\" data-id=\"1cac748\" data-element_type=\"widget\" data-widget_type=\"text-editor.default\">\n\t\t\t\t<div class=\"elementor-widget-container\">\n\t\t\t\t\t\t\t<p><\/p>\n<p>Le d\u00e9fil\u00e9 or et blanc des mes mannequins de Haute couture refl\u00e8te la palette compl\u00e8te du noir au blanc dans des \u00e9toffes min\u00e9rales.<\/p>\n<p>Les \u00e9maux, l\u2019or, les broderies ou les motifs r\u00e9alis\u00e9s au<br>tampon d\u2019impression, ne sont que des d\u00e9cors pens\u00e9s et con\u00e7us pour habiller la sculpture. Inspir\u00e9e par la<br>mode et la recherche des mati\u00e8res,<br>l\u2019artiste sculpte des \u00e9l\u00e9gantes \u00e0 larges chapeaux, aux silhouettes \u00e9lanc\u00e9es drap\u00e9es dans de longues robes d\u2019argile.<\/p>\n<p>La r\u00e9trospective de Madame Gr\u00e8s au Mus\u00e9e Bourdelle a fini de la convaincre qu\u2019elle devait modeler la terre comme un textile.<br>D\u00e8s lors, les motifs sculpt\u00e9s \u00e0 l\u2019aide d\u2019un tampon d\u2019impression en bois ou de pi\u00e8ces de dentelles \u00e9paisses<br>imprim\u00e9es directement dans la terre chamott\u00e9e, deviennent partie<br>int\u00e9grante de la sculpture. Terre et textile ne font d\u00e9sormais plus<\/p>\n<p>Mes \u0153uvres, sont construites en plusieurs parties autour d\u2019un socle habill\u00e9 de mati\u00e8re r\u00e9alis\u00e9 dans diff\u00e9rents gr\u00e8s et aux textures multiples inspir\u00e9es de la Haute Couture. Elles defilent de mode. Chaque pi\u00e8ce se compose de parties brutes et noircies qui tranchent subtilement avec les surfaces&nbsp; finement craquel\u00e9es.<\/p>\n<p>Chaque oeuvre noir et blanc defile comme lors de la fashion week parisienne. Dans chacune de mes cr\u00e9ations Elle se retrouve un drap\u00e9 de Madame Gr\u00e9, les aciers de Paco Rabanne, les corsets Jean Paul Gaultier <u>and<\/u> les carr\u00e9s de Mondrian par Yves Saint Laurent.<\/p>\t\t\t\t\t\t<\/div>\n\t\t\t\t<\/div>\n\t\t\t\t<section class=\"elementor-section elementor-inner-section elementor-element elementor-element-49abf48 elementor-section-boxed elementor-section-height-default elementor-section-height-default\" data-id=\"49abf48\" data-element_type=\"section\">\n\t\t\t\t\t\t<div class=\"elementor-container elementor-column-gap-default\">\n\t\t\t\t\t<div class=\"elementor-column elementor-col-100 elementor-inner-column elementor-element elementor-element-7cd1fd2\" data-id=\"7cd1fd2\" data-element_type=\"column\">\n\t\t\t<div class=\"elementor-widget-wrap elementor-element-populated\">\n\t\t\t\t\t\t\t\t<div class=\"elementor-element elementor-element-ffab801 elementor-arrows-position-inside elementor-pagination-position-outside elementor-widget elementor-widget-image-carousel\" data-id=\"ffab801\" data-element_type=\"widget\" data-settings=\"{&quot;slides_to_show&quot;:&quot;1&quot;,&quot;navigation&quot;:&quot;both&quot;,&quot;autoplay&quot;:&quot;yes&quot;,&quot;pause_on_hover&quot;:&quot;yes&quot;,&quot;pause_on_interaction&quot;:&quot;yes&quot;,&quot;autoplay_speed&quot;:5000,&quot;infinite&quot;:&quot;yes&quot;,&quot;effect&quot;:&quot;slide&quot;,&quot;speed&quot;:500}\" data-widget_type=\"image-carousel.default\">\n\t\t\t\t<div class=\"elementor-widget-container\">\n\t\t\t<style>\/*! elementor - v3.7.8 - 02-10-2022 *\/\n.elementor-widget-image-carousel .swiper-container{position:static}.elementor-widget-image-carousel .swiper-container .swiper-slide figure{line-height:inherit}.elementor-widget-image-carousel .swiper-slide{text-align:center}.elementor-image-carousel-wrapper:not(.swiper-container-initialized) .swiper-slide{max-width:calc(100% \/ var(--e-image-carousel-slides-to-show, 3))}<\/style>\t\t<div class=\"elementor-image-carousel-wrapper swiper-container\" dir=\"ltr\">\n\t\t\t<div class=\"elementor-image-carousel swiper-wrapper\">\n\t\t\t\t\t\t\t\t<div class=\"swiper-slide\"><figure class=\"swiper-slide-inner\"><img decoding=\"async\" class=\"swiper-slide-image\" src=\"https:\/\/mariejuge-sculpteur.fr\/wp-content\/uploads\/2024\/09\/raku-kintshugi-marie-juge-4-1024x1024.webp\" alt=\"raku kintshugi marie juge (4)\" \/><\/figure><\/div><div class=\"swiper-slide\"><figure class=\"swiper-slide-inner\"><img decoding=\"async\" class=\"swiper-slide-image\" src=\"https:\/\/mariejuge-sculpteur.fr\/wp-content\/uploads\/2024\/09\/raku-kintshugi-marie-juge-2-576x1024.jpg\" alt=\"raku kintshugi marie juge (2)\" \/><\/figure><\/div><div class=\"swiper-slide\"><figure class=\"swiper-slide-inner\"><img decoding=\"async\" class=\"swiper-slide-image\" src=\"https:\/\/mariejuge-sculpteur.fr\/wp-content\/uploads\/2024\/09\/raku-kintshugi-marie-juge-1-576x1024.jpg\" alt=\"raku kintshugi marie juge (1)\" \/><\/figure><\/div><div class=\"swiper-slide\"><figure class=\"swiper-slide-inner\"><img decoding=\"async\" class=\"swiper-slide-image\" src=\"https:\/\/mariejuge-sculpteur.fr\/wp-content\/uploads\/2024\/09\/raku-kintshugi-marie-juge-14-2-576x1024.jpg\" alt=\"raku kintshugi marie juge (14)\" \/><\/figure><\/div><div class=\"swiper-slide\"><figure class=\"swiper-slide-inner\"><img decoding=\"async\" class=\"swiper-slide-image\" src=\"https:\/\/mariejuge-sculpteur.fr\/wp-content\/uploads\/2024\/09\/raku-kintshugi-marie-juge-8-1-1024x1024.jpg\" alt=\"raku kintshugi marie juge (8)\" \/><\/figure><\/div><div class=\"swiper-slide\"><figure class=\"swiper-slide-inner\"><img decoding=\"async\" class=\"swiper-slide-image\" src=\"https:\/\/mariejuge-sculpteur.fr\/wp-content\/uploads\/2024\/09\/sculpture-raku-femme-tableau-bol-marie-juge-62-1024x1024.jpg\" alt=\"sculpture raku femme tableau bol marie juge (62)\" \/><\/figure><\/div><div class=\"swiper-slide\"><figure class=\"swiper-slide-inner\"><img decoding=\"async\" class=\"swiper-slide-image\" src=\"https:\/\/mariejuge-sculpteur.fr\/wp-content\/uploads\/2022\/11\/20220226_144647-1024x768.jpg\" alt=\"20220226_144647\" \/><\/figure><\/div><div class=\"swiper-slide\"><figure class=\"swiper-slide-inner\"><img decoding=\"async\" class=\"swiper-slide-image\" src=\"https:\/\/mariejuge-sculpteur.fr\/wp-content\/uploads\/2020\/10\/marie_juge_raku_createurs_corsets_socle-1024x1024.jpg\" alt=\"corset Gaultier haute couture\" \/><\/figure><\/div><div class=\"swiper-slide\"><figure class=\"swiper-slide-inner\"><img decoding=\"async\" class=\"swiper-slide-image\" src=\"https:\/\/mariejuge-sculpteur.fr\/wp-content\/uploads\/2024\/09\/raku-kintshugi-marie-juge-6-1024x1024.jpg\" alt=\"raku kintshugi marie juge (6)\" \/><\/figure><\/div><div class=\"swiper-slide\"><figure class=\"swiper-slide-inner\"><img decoding=\"async\" class=\"swiper-slide-image\" src=\"https:\/\/mariejuge-sculpteur.fr\/wp-content\/uploads\/2024\/09\/20221231_125120_2-1-522x1024.jpg\" alt=\"20221231_125120_2 (1)\" \/><\/figure><\/div>\t\t\t<\/div>\n\t\t\t\t\t\t\t\t\t\t\t\t<div class=\"swiper-pagination\"><\/div>\n\t\t\t\t\t\t\t\t\t\t\t\t\t<div class=\"elementor-swiper-button elementor-swiper-button-prev\">\n\t\t\t\t\t\t<i aria-hidden=\"true\" class=\"eicon-chevron-left\"><\/i>\t\t\t\t\t\t<span class=\"elementor-screen-only\">Previous<\/span>\n\t\t\t\t\t<\/div>\n\t\t\t\t\t<div class=\"elementor-swiper-button elementor-swiper-button-next\">\n\t\t\t\t\t\t<i aria-hidden=\"true\" class=\"eicon-chevron-right\"><\/i>\t\t\t\t\t\t<span class=\"elementor-screen-only\">Next<\/span>\n\t\t\t\t\t<\/div>\n\t\t\t\t\t\t\t\t\t<\/div>\n\t\t\t\t<\/div>\n\t\t\t\t<\/div>\n\t\t\t\t\t<\/div>\n\t\t<\/div>\n\t\t\t\t\t\t\t<\/div>\n\t\t<\/section>\n\t\t\t\t\t<\/div>\n\t\t<\/div>\n\t\t\t\t\t\t\t<\/div>\n\t\t<\/section>\n\t\t\t\t\t\t\t<\/div>","protected":false},"excerpt":{"rendered":"<p>De l&rsquo;or sur le Raku sculpture raku kintshugi L&rsquo;art du kintshugi une suite d&rsquo;\u00e9tapes pour reparer l&rsquo;\u00e2me raku Le d\u00e9fil\u00e9 or et blanc des mes mannequins de Haute couture refl\u00e8te la palette compl\u00e8te du noir au blanc dans des \u00e9toffes min\u00e9rales. Les \u00e9maux, l\u2019or, les broderies ou les motifs r\u00e9alis\u00e9s autampon d\u2019impression, ne sont que &hellip; <\/p>\n<p class=\"link-more\"><a href=\"https:\/\/mariejuge-sculpteur.fr\/en\/lor-kintsgugi\/\" class=\"more-link\">Continue reading<span class=\"screen-reader-text\"> \u00ab\u00a0l&rsquo;or kintsgugi\u00a0\u00bb<\/span><\/a><\/p>","protected":false},"author":1,"featured_media":0,"parent":0,"menu_order":0,"comment_status":"closed","ping_status":"closed","template":"elementor_header_footer","meta":{"_monsterinsights_skip_tracking":false,"_monsterinsights_sitenote_active":false,"_monsterinsights_sitenote_note":"","_monsterinsights_sitenote_category":0,"footnotes":""},"class_list":["post-1203","page","type-page","status-publish","hentry"],"yoast_head":"<!-- This site is optimized with the Yoast SEO plugin v24.9 - https:\/\/yoast.com\/wordpress\/plugins\/seo\/ -->\n<title>sculpture raku defile de mode<\/title>\n<meta name=\"description\" content=\"la sculpture raku defile de mode dans des habits haute coute.Elles defilent deux fois par an lors de la fashion week .\" \/>\n<meta name=\"robots\" content=\"index, follow, max-snippet:-1, max-image-preview:large, max-video-preview:-1\" \/>\n<link rel=\"canonical\" href=\"https:\/\/mariejuge-sculpteur.fr\/en\/lor-kintsgugi\/\" \/>\n<meta property=\"og:locale\" content=\"en_GB\" \/>\n<meta property=\"og:type\" content=\"article\" \/>\n<meta property=\"og:title\" content=\"sculpture raku defile de mode\" \/>\n<meta property=\"og:description\" content=\"la sculpture raku defile de mode dans des habits haute coute.Elles defilent deux fois par an lors de la fashion week .\" \/>\n<meta property=\"og:url\" content=\"https:\/\/mariejuge-sculpteur.fr\/en\/lor-kintsgugi\/\" \/>\n<meta property=\"og:site_name\" content=\"Marie Juge\" \/>\n<meta property=\"article:publisher\" content=\"https:\/\/www.facebook.com\/Marie.Juge.Sculpteur.Raku\/\" \/>\n<meta property=\"article:modified_time\" content=\"2024-09-24T14:14:14+00:00\" \/>\n<meta property=\"og:image\" content=\"https:\/\/mariejuge-sculpteur.fr\/wp-content\/uploads\/2024\/09\/raku-kintshugi-marie-juge-8-1024x1024.jpg\" \/>\n<meta name=\"twitter:card\" content=\"summary_large_image\" \/>\n<meta name=\"twitter:label1\" content=\"Estimated reading time\" \/>\n\t<meta name=\"twitter:data1\" content=\"5 minutes\" \/>\n<script type=\"application\/ld+json\" class=\"yoast-schema-graph\">{\"@context\":\"https:\/\/schema.org\",\"@graph\":[{\"@type\":\"WebPage\",\"@id\":\"https:\/\/mariejuge-sculpteur.fr\/lor-kintsgugi\/\",\"url\":\"https:\/\/mariejuge-sculpteur.fr\/lor-kintsgugi\/\",\"name\":\"sculpture raku defile de mode\",\"isPartOf\":{\"@id\":\"https:\/\/mariejuge-sculpteur.fr\/#website\"},\"primaryImageOfPage\":{\"@id\":\"https:\/\/mariejuge-sculpteur.fr\/lor-kintsgugi\/#primaryimage\"},\"image\":{\"@id\":\"https:\/\/mariejuge-sculpteur.fr\/lor-kintsgugi\/#primaryimage\"},\"thumbnailUrl\":\"https:\/\/mariejuge-sculpteur.fr\/wp-content\/uploads\/2024\/09\/raku-kintshugi-marie-juge-8-1024x1024.jpg\",\"datePublished\":\"2022-10-01T12:53:47+00:00\",\"dateModified\":\"2024-09-24T14:14:14+00:00\",\"description\":\"la sculpture raku defile de mode dans des habits haute coute.Elles defilent deux fois par an lors de la fashion week .\",\"breadcrumb\":{\"@id\":\"https:\/\/mariejuge-sculpteur.fr\/lor-kintsgugi\/#breadcrumb\"},\"inLanguage\":\"en-GB\",\"potentialAction\":[{\"@type\":\"ReadAction\",\"target\":[\"https:\/\/mariejuge-sculpteur.fr\/lor-kintsgugi\/\"]}]},{\"@type\":\"ImageObject\",\"inLanguage\":\"en-GB\",\"@id\":\"https:\/\/mariejuge-sculpteur.fr\/lor-kintsgugi\/#primaryimage\",\"url\":\"https:\/\/mariejuge-sculpteur.fr\/wp-content\/uploads\/2024\/09\/raku-kintshugi-marie-juge-8-1024x1024.jpg\",\"contentUrl\":\"https:\/\/mariejuge-sculpteur.fr\/wp-content\/uploads\/2024\/09\/raku-kintshugi-marie-juge-8-1024x1024.jpg\"},{\"@type\":\"BreadcrumbList\",\"@id\":\"https:\/\/mariejuge-sculpteur.fr\/lor-kintsgugi\/#breadcrumb\",\"itemListElement\":[{\"@type\":\"ListItem\",\"position\":1,\"name\":\"Accueil\",\"item\":\"https:\/\/mariejuge-sculpteur.fr\/\"},{\"@type\":\"ListItem\",\"position\":2,\"name\":\"l&#8217;or kintsgugi\"}]},{\"@type\":\"WebSite\",\"@id\":\"https:\/\/mariejuge-sculpteur.fr\/#website\",\"url\":\"https:\/\/mariejuge-sculpteur.fr\/\",\"name\":\"Marie Juge\",\"description\":\"Des silhouettes de mati\u00e8re raku\",\"potentialAction\":[{\"@type\":\"SearchAction\",\"target\":{\"@type\":\"EntryPoint\",\"urlTemplate\":\"https:\/\/mariejuge-sculpteur.fr\/?s={search_term_string}\"},\"query-input\":{\"@type\":\"PropertyValueSpecification\",\"valueRequired\":true,\"valueName\":\"search_term_string\"}}],\"inLanguage\":\"en-GB\"}]}<\/script>\n<!-- \/ Yoast SEO plugin. -->","yoast_head_json":{"title":"sculpture raku defile de mode","description":"la sculpture raku defile de mode dans des habits haute coute.Elles defilent deux fois par an lors de la fashion week .","robots":{"index":"index","follow":"follow","max-snippet":"max-snippet:-1","max-image-preview":"max-image-preview:large","max-video-preview":"max-video-preview:-1"},"canonical":"https:\/\/mariejuge-sculpteur.fr\/en\/lor-kintsgugi\/","og_locale":"en_GB","og_type":"article","og_title":"sculpture raku defile de mode","og_description":"la sculpture raku defile de mode dans des habits haute coute.Elles defilent deux fois par an lors de la fashion week .","og_url":"https:\/\/mariejuge-sculpteur.fr\/en\/lor-kintsgugi\/","og_site_name":"Marie Juge","article_publisher":"https:\/\/www.facebook.com\/Marie.Juge.Sculpteur.Raku\/","article_modified_time":"2024-09-24T14:14:14+00:00","og_image":[{"url":"https:\/\/mariejuge-sculpteur.fr\/wp-content\/uploads\/2024\/09\/raku-kintshugi-marie-juge-8-1024x1024.jpg","type":"","width":"","height":""}],"twitter_card":"summary_large_image","twitter_misc":{"Estimated reading time":"5 minutes"},"schema":{"@context":"https:\/\/schema.org","@graph":[{"@type":"WebPage","@id":"https:\/\/mariejuge-sculpteur.fr\/lor-kintsgugi\/","url":"https:\/\/mariejuge-sculpteur.fr\/lor-kintsgugi\/","name":"sculpture raku defile de mode","isPartOf":{"@id":"https:\/\/mariejuge-sculpteur.fr\/#website"},"primaryImageOfPage":{"@id":"https:\/\/mariejuge-sculpteur.fr\/lor-kintsgugi\/#primaryimage"},"image":{"@id":"https:\/\/mariejuge-sculpteur.fr\/lor-kintsgugi\/#primaryimage"},"thumbnailUrl":"https:\/\/mariejuge-sculpteur.fr\/wp-content\/uploads\/2024\/09\/raku-kintshugi-marie-juge-8-1024x1024.jpg","datePublished":"2022-10-01T12:53:47+00:00","dateModified":"2024-09-24T14:14:14+00:00","description":"la sculpture raku defile de mode dans des habits haute coute.Elles defilent deux fois par an lors de la fashion week .","breadcrumb":{"@id":"https:\/\/mariejuge-sculpteur.fr\/lor-kintsgugi\/#breadcrumb"},"inLanguage":"en-GB","potentialAction":[{"@type":"ReadAction","target":["https:\/\/mariejuge-sculpteur.fr\/lor-kintsgugi\/"]}]},{"@type":"ImageObject","inLanguage":"en-GB","@id":"https:\/\/mariejuge-sculpteur.fr\/lor-kintsgugi\/#primaryimage","url":"https:\/\/mariejuge-sculpteur.fr\/wp-content\/uploads\/2024\/09\/raku-kintshugi-marie-juge-8-1024x1024.jpg","contentUrl":"https:\/\/mariejuge-sculpteur.fr\/wp-content\/uploads\/2024\/09\/raku-kintshugi-marie-juge-8-1024x1024.jpg"},{"@type":"BreadcrumbList","@id":"https:\/\/mariejuge-sculpteur.fr\/lor-kintsgugi\/#breadcrumb","itemListElement":[{"@type":"ListItem","position":1,"name":"Accueil","item":"https:\/\/mariejuge-sculpteur.fr\/"},{"@type":"ListItem","position":2,"name":"l&#8217;or kintsgugi"}]},{"@type":"WebSite","@id":"https:\/\/mariejuge-sculpteur.fr\/#website","url":"https:\/\/mariejuge-sculpteur.fr\/","name":"Marie Juge","description":"Des silhouettes de mati\u00e8re raku","potentialAction":[{"@type":"SearchAction","target":{"@type":"EntryPoint","urlTemplate":"https:\/\/mariejuge-sculpteur.fr\/?s={search_term_string}"},"query-input":{"@type":"PropertyValueSpecification","valueRequired":true,"valueName":"search_term_string"}}],"inLanguage":"en-GB"}]}},"_links":{"self":[{"href":"https:\/\/mariejuge-sculpteur.fr\/en\/wp-json\/wp\/v2\/pages\/1203","targetHints":{"allow":["GET"]}}],"collection":[{"href":"https:\/\/mariejuge-sculpteur.fr\/en\/wp-json\/wp\/v2\/pages"}],"about":[{"href":"https:\/\/mariejuge-sculpteur.fr\/en\/wp-json\/wp\/v2\/types\/page"}],"author":[{"embeddable":true,"href":"https:\/\/mariejuge-sculpteur.fr\/en\/wp-json\/wp\/v2\/users\/1"}],"replies":[{"embeddable":true,"href":"https:\/\/mariejuge-sculpteur.fr\/en\/wp-json\/wp\/v2\/comments?post=1203"}],"version-history":[{"count":81,"href":"https:\/\/mariejuge-sculpteur.fr\/en\/wp-json\/wp\/v2\/pages\/1203\/revisions"}],"predecessor-version":[{"id":2834,"href":"https:\/\/mariejuge-sculpteur.fr\/en\/wp-json\/wp\/v2\/pages\/1203\/revisions\/2834"}],"wp:attachment":[{"href":"https:\/\/mariejuge-sculpteur.fr\/en\/wp-json\/wp\/v2\/media?parent=1203"}],"curies":[{"name":"wp","href":"https:\/\/api.w.org\/{rel}","templated":true}]}}